{"id":21,"date":"2014-10-30T15:35:55","date_gmt":"2014-10-30T14:35:55","guid":{"rendered":"http:\/\/fgtss.de\/wp\/?page_id=21"},"modified":"2022-08-15T21:47:57","modified_gmt":"2022-08-15T19:47:57","slug":"impressum","status":"publish","type":"page","link":"https:\/\/fgtss.de\/?page_id=21","title":{"rendered":"Impressum"},"content":{"rendered":"<p>Impressum<br \/>\nDie Freizeitgruppe Tanzsport geh\u00f6rt zu den Siemens Freizeitgemeinschaften. Die einzelnen Gruppen der Siemens Freizeitgemeinschaften sind als eigenst\u00e4ndige Vereine organisiert.<\/p>\n<p>Anschrift Webmaster\u00a0von der Freizeitgruppe Tanzsport:<br \/>\nL. Weber-Loschnig<br \/>\nRennesstr. 34<br \/>\n91O54 Erlangen<br \/>\nE-mail: info@fgtss.de<\/p>\n<p>Haftungsausschlu\u00df \/ Disclaimer:<br \/>\nDie Freizeitgruppe Tanzsport wurde von Siemens Mitarbeitern gegr\u00fcndet und es wirken Mitarbeiter der Siemens AG und deren Beteiligungsgesellschaften als Mitglieder mit. Gegenw\u00e4rtig wird die Freizeitgruppe Tanzsport von der Siemens AG gef\u00f6rdert. Eine weitere Verbindung des Vereins zur Siemens AG oder deren Beteiligungsgesellschaften besteht nicht.<br \/>\nUnsere Web-Seiten d\u00fcrfen ohne unsere schriftliche Einwilligung nicht reproduziert oder kopiert werden. Wir lehnen jegliche Verantwortung f\u00fcr die Inhalte von verlinkten Seiten ab. Das Vorhandensein von Links stellt keine Meinungs\u00e4u\u00dferung unsererseits dar. Ferner weisen wir weisen darauf hin, da\u00df wir keinerlei Einflu\u00df auf den Inhalt und die Gestaltung auf gelinkten Seiten haben und das f\u00fcr deren Inhalt ausschlie\u00dflich die Anbieter dieser Seiten verantwortlich sind.\u00a0Der Eigent\u00fcmer dieser Website erkl\u00e4rt ausdr\u00fccklich, dass er keinerlei Einfluss auf die Gestaltung und die Inhalte der gelinkten Seiten hat. Deshalb und macht er sich diese Inhalte nicht zu eigen.<\/p>\n<p>Datenerhebung<br \/>\nIhr Besuch auf unseren Webseiten wird protokolliert. Erfasst werden die aktuell von Ihrem PC verwendete IP-Adresse, Datum und Uhrzeit, sowie die von Ihnen betrachteten Seiten. Ein Personenbezug ist uns nicht m\u00f6glich und auch nicht beabsichtigt.<\/p>\n<p>Datenverwendung und \u2013weitergabe<br \/>\nDie personenbezogenen Daten, die Sie uns z.B. per Telefon, E-Mail oder Blog mitteilen (z.B. Ihr Name und Ihre Adresse oder Ihre E-Mail-Adresse), werden nur zur Korrespondenz mit Ihnen und nur f\u00fcr den Zweck verarbeitet, zu dem Sie uns die Daten zur Verf\u00fcgung gestellt haben. Wir versichern Ihnen, dass wir Ihre personenbezogenen Daten im \u00fcbrigen nicht an Dritte weitergeben, es sei denn, dass wir dazu gesetzlich verpflichtet w\u00e4ren.<\/p>\n<p>Alle Rechte an Texten, Bildern und sonstigen Informationen liegen &#8211; soweit nicht anders vermerkt &#8211; bei der Freizeitgruppe Tanzsport. Abdruck und Verwendung nur mit ausdr\u00fccklicher Genehmigung der Freizeitgruppe Tanzsport.<\/p>\n<p><a style=\"color: #ffffff;\" href=\"http:\/\/fgtss.de\/wp\/wp-login.php\">http:\/\/fgtss.de\/wp\/wp-login.php<\/a><\/p>\n","protected":false},"excerpt":{"rendered":"<p>Impressum Die Freizeitgruppe Tanzsport geh\u00f6rt zu den Siemens Freizeitgemeinschaften. Die einzelnen Gruppen der Siemens Freizeitgemeinschaften sind als eigenst\u00e4ndige Vereine organisiert. Anschrift Webmaster\u00a0von der Freizeitgruppe Tanzsport: L. Weber-Loschnig Rennesstr. 34 91O54 Erlangen E-mail: info@fgtss.de Haftungsausschlu\u00df \/ Disclaimer: Die Freizeitgruppe Tanzsport wurde von Siemens Mitarbeitern gegr\u00fcndet und es wirken Mitarbeiter der Siemens AG und deren Beteiligungsgesellschaften als [&hellip;]<\/p>\n","protected":false},"author":1,"featured_media":0,"parent":0,"menu_order":5,"comment_status":"closed","ping_status":"closed","template":"page-templates\/full-width.php","meta":{"footnotes":""},"class_list":["post-21","page","type-page","status-publish","hentry"],"_links":{"self":[{"href":"https:\/\/fgtss.de\/index.php?rest_route=\/wp\/v2\/pages\/21","targetHints":{"allow":["GET"]}}],"collection":[{"href":"https:\/\/fgtss.de\/index.php?rest_route=\/wp\/v2\/pages"}],"about":[{"href":"https:\/\/fgtss.de\/index.php?rest_route=\/wp\/v2\/types\/page"}],"author":[{"embeddable":true,"href":"https:\/\/fgtss.de\/index.php?rest_route=\/wp\/v2\/users\/1"}],"replies":[{"embeddable":true,"href":"https:\/\/fgtss.de\/index.php?rest_route=%2Fwp%2Fv2%2Fcomments&post=21"}],"version-history":[{"count":1,"href":"https:\/\/fgtss.de\/index.php?rest_route=\/wp\/v2\/pages\/21\/revisions"}],"predecessor-version":[{"id":3280,"href":"https:\/\/fgtss.de\/index.php?rest_route=\/wp\/v2\/pages\/21\/revisions\/3280"}],"wp:attachment":[{"href":"https:\/\/fgtss.de\/index.php?rest_route=%2Fwp%2Fv2%2Fmedia&parent=21"}],"curies":[{"name":"wp","href":"https:\/\/api.w.org\/{rel}","templated":true}]}}