{"id":2399,"date":"2018-05-22T09:41:00","date_gmt":"2018-05-22T07:41:00","guid":{"rendered":"http:\/\/fgtss.de\/wp\/?page_id=2399"},"modified":"2024-07-22T23:23:34","modified_gmt":"2024-07-22T21:23:34","slug":"datenschutz","status":"publish","type":"page","link":"https:\/\/fgtss.de\/?page_id=2399","title":{"rendered":"Datenschutz"},"content":{"rendered":"\n<p><\/p>\n\n\n<p>Der Verantwortliche im Sinne der Datenschutz-Grundverordnung und anderer nationaler Datenschutzgesetze der Mitgliedsstaaten sowie sonstiger datenschutzrechtlicher Bestimmungen ist die\u00a0Freizeitgruppe Tanzsport Siemens Erlangen, vertreten durch:<br \/>L. Weber &#8211; Loschnig, E-mail: info[at]fgtss.de<\/p>\n<p><strong>Umfang der Verarbeitung personenbezogener Daten unserer Webseiten-Nutzer<\/strong><br \/>Wir erheben, speichern und verwenden keine personenbezogenen Daten unserer Webseiten-Nutzer. Die Nutzung unserer Webseite ist ohne Angabe personenbezogener Daten m\u00f6glich.<\/p>\n<p><strong>Externe Links<\/strong><br \/>Zu Ihrer Information finden Sie auf unseren Seiten Links, die auf Seiten Dritter verweisen. Soweit dies nicht offensichtlich erkennbar ist, weisen wir Sie darauf hin, dass es sich um einen externen Link handelt. Die verantwortliche Stelle hat keinerlei Einfluss auf den Inhalt und die Gestaltung dieser Seiten anderer Anbieter. Die Garantien dieser Datenschutzerkl\u00e4rung gelten daher f\u00fcr externe Anbieter nicht.<\/p>\n<p><strong>Einsatz von Cookies<\/strong><br \/>Die verantwortliche Stelle verwendet sogenannte &#8222;Cookies&#8220;, um die Online-Erfahrung und Online-Zeit des Kunden individuell auszugestalten und zu optimieren. Ein Cookie ist eine Textdatei, die entweder tempor\u00e4r im Arbeitsspeicher des Computers abgelegt (&#8222;Sitzungscookie&#8220;) oder auf der Festplatte gespeichert wird (&#8222;permanenter&#8220; Cookie). Cookies enthalten z.B. Informationen \u00fcber die bisherigen Zugriffe des Nutzers auf den entsprechenden Server bzw. Informationen dar\u00fcber, welche Angebote bisher aufgerufen wurden. Cookies werden nicht dazu eingesetzt, um Programme auszuf\u00fchren oder Viren auf Ihren Computer zu laden. Hauptzweck von Cookies ist vielmehr, ein speziell auf den Kunden zugeschnittenes Angebot bereitzustellen und die Nutzung des Service so komfortabel wie m\u00f6glich zu gestalten.<\/p>\n<p>Die verantwortliche Stelle verwendet Sitzungscookies sowie permanente Cookies.<\/p>\n<p><strong>Sitzungscookies<\/strong><br \/>Die verantwortliche Stelle verwendet \u00fcberwiegend &#8222;Sitzungscookies&#8220;, die nicht auf der Festplatte des Kunden gespeichert werden und die mit Verlassen des Browsers gel\u00f6scht werden. Sitzungscookies werden hierbei zur Login-Authentifizierung und zum Load-Balancing (Ausgleich der System-Belastung) verwendet.<\/p>\n<p><strong>Permanente Cookies<\/strong><br \/>Dar\u00fcber hinaus verwendet die verantwortliche Stelle \u201epermanente Cookies\u201c, um die pers\u00f6nlichen Nutzungseinstellungen, die ein Kunde bei der Nutzung der Services der verantwortlichen Stelle eingibt, zu speichern und so eine Personalisierung und Verbesserung des Service vornehmen zu k\u00f6nnen. Durch die permanenten Cookies wird sichergestellt, dass der Kunde bei einem erneuten Besuch der Webseiten der verantwortlichen Stelle seine pers\u00f6nlichen Einstellungen wieder vorfindet. Daneben verwenden die Dienstleister, die die verantwortliche Stelle mit der Analyse des Nutzerverhaltens beauftragt hat, permanente Cookies, um wiederkehrende Nutzer erkennen zu k\u00f6nnen. Diese Dienste speichern die vom Cookie \u00fcbermittelten Daten ausschlie\u00dflich anonym ab. Eine Zuordnung zur IP-Adresse des Kunden wird nicht vorgehalten.<\/p>\n<p><strong>Vermeidung von Cookies<\/strong><br \/>Der Besucher hat jederzeit die M\u00f6glichkeit, das Setzen von Cookies abzulehnen. Dies geschieht in der Regel durch die Wahl der entsprechenden Option in den Einstellungen des Browsers oder durch zus\u00e4tzliche Programme. N\u00e4heres ist der Hilfe-Funktion des kundenseitig verwendeten Browsers zu entnehmen. Entscheidet sich der Kunde f\u00fcr die Ausschaltung von Cookies, kann dies den Leistungsumfang des Services mindern und sich bei der Nutzung der Dienste der verantwortlichen negativ bemerkbar machen.<\/p>\n<p><strong>Verwendung von Analyseprogrammen<\/strong><br \/>Die verantwortliche Stelle f\u00fchrt Analysen \u00fcber das Verhalten seiner Kunden im Rahmen der Nutzung seines Service durch bzw. l\u00e4sst diese durchf\u00fchren. Zu diesem Zweck werden anonymisierte oder pseudonymisierte Nutzungsprofile erstellt. Die Erstellung der Nutzungsprofile erfolgt zu dem alleinigen Zweck, den Service der verantwortlichen Stelle st\u00e4ndig zu verbessern.<\/p>\n<p>Die verantwortliche Stelle verwendet im Rahmen der Web-Analyse auch Google Analytics, einen Web-Analysedienst der Google Inc. (&#8222;Google&#8220;), den die verantwortliche Stelle Google Analytics mit der Erweiterung \u201e_anonymizeIp()\u201c nutzt. Dadurch werden die IP-Adressen nur gek\u00fcrzt verarbeitet, um eine direkte Personenbeziehbarkeit auszuschlie\u00dfen. Der in diesem Zusammenhang stattfindenden Datenerhebung und -speicherung kann jederzeit mit Wirkung f\u00fcr die Zukunft widersprochen werden. Bitte wenden Sie sich dazu direkt an Google<\/p>\n<p>Google gibt seinen Nutzern, wie beispielsweise der verantwortlichen Stelle vor, die nachfolgende Belehrung in ihren Datenschutzerkl\u00e4rungen zu verwenden. Dieser Aufforderung kommt die FG mit der Wiedergabe des folgenden Textes nach:<\/p>\n<p><em>&#8222;Google Analytics verwendet sog. \u201eCookies\u201c, Textdateien, die auf Ihrem Computer gespeichert werden und die eine Analyse der Benutzung der Website durch Sie erm\u00f6glichen. Die durch den Cookie er-zeugten Informationen \u00fcber Ihre Benutzung dieser Website (einschlie\u00dflich Ihrer IP-Adresse) werden an einen Server von Google in den USA \u00fcbertragen und dort gespeichert. Google wird diese Informationen benutzen, um Ihre Nutzung der Website auszuwerten, um Reports \u00fcber die Websiteaktivit\u00e4ten f\u00fcr die Websitebetreiber zusammenzustellen und um weitere mit der Websitenutzung und der Internetnutzung verbundene Dienstleistungen zu erbringen. Auch wird Google diese Informationen gegebenenfalls an Dritte \u00fcbertragen, sofern dies gesetzlich vorgeschrieben oder soweit Dritte diese Daten im Auftrag von Google verarbeiten. Google wird in keinem Fall Ihre IP-Adresse mit anderen Daten von Google in Verbindung bringen. Sie k\u00f6nnen die Installation der Cookies durch eine entsprechende Einstellung Ihrer Browser Software verhindern; wir weisen Sie jedoch darauf hin, dass Sie in diesem Fall gegebenenfalls nicht s\u00e4mtliche Funktionen dieser Website vollumf\u00e4nglich nutzen k\u00f6nnen. Durch die Nutzung dieser Website erkl\u00e4ren Sie sich mit der Bearbeitung der \u00fcber Sie erhobenen Daten durch Google in der zuvor beschriebenen Art und Weise und zu dem zuvor benannten Zweck einverstanden.&#8220;<\/em><\/p>\n<p><strong>Bereitstellung der Website und Kontaktaufnahme<\/strong><\/p>\n<p>Die pers\u00f6nliche Kontaktaufnahme des Nutzers \u00fcber die Webseite durch Telefon, Fax oder E-mail oder durch die Kommentarfunktion des Websystems sind die\u00a0 Wege, uns die Nutzerdaten bekannt zu machen. Mit\u00a0Telefon, Fax oder E-mail wird die Webseite verlassen und die Datenerfassung und Handhabe erfolgt au\u00dferhalb der Webseite.\u00a0Kommentare werden nach der bestimmungsgem\u00e4\u00dfen Verwendung des Kommentators durch den Administrator gel\u00f6scht.<\/p>","protected":false},"excerpt":{"rendered":"<p>Der Verantwortliche im Sinne der Datenschutz-Grundverordnung und anderer nationaler Datenschutzgesetze der Mitgliedsstaaten sowie sonstiger datenschutzrechtlicher Bestimmungen ist die\u00a0Freizeitgruppe Tanzsport Siemens Erlangen, vertreten durch:L. Weber &#8211; Loschnig, E-mail: info[at]fgtss.de Umfang der Verarbeitung personenbezogener Daten unserer Webseiten-NutzerWir erheben, speichern und verwenden keine personenbezogenen Daten unserer Webseiten-Nutzer. Die Nutzung unserer Webseite ist ohne Angabe personenbezogener Daten m\u00f6glich. Externe [&hellip;]<\/p>\n","protected":false},"author":1,"featured_media":0,"parent":0,"menu_order":0,"comment_status":"closed","ping_status":"closed","template":"page-templates\/full-width.php","meta":{"footnotes":""},"class_list":["post-2399","page","type-page","status-publish","hentry"],"_links":{"self":[{"href":"https:\/\/fgtss.de\/index.php?rest_route=\/wp\/v2\/pages\/2399","targetHints":{"allow":["GET"]}}],"collection":[{"href":"https:\/\/fgtss.de\/index.php?rest_route=\/wp\/v2\/pages"}],"about":[{"href":"https:\/\/fgtss.de\/index.php?rest_route=\/wp\/v2\/types\/page"}],"author":[{"embeddable":true,"href":"https:\/\/fgtss.de\/index.php?rest_route=\/wp\/v2\/users\/1"}],"replies":[{"embeddable":true,"href":"https:\/\/fgtss.de\/index.php?rest_route=%2Fwp%2Fv2%2Fcomments&post=2399"}],"version-history":[{"count":2,"href":"https:\/\/fgtss.de\/index.php?rest_route=\/wp\/v2\/pages\/2399\/revisions"}],"predecessor-version":[{"id":3397,"href":"https:\/\/fgtss.de\/index.php?rest_route=\/wp\/v2\/pages\/2399\/revisions\/3397"}],"wp:attachment":[{"href":"https:\/\/fgtss.de\/index.php?rest_route=%2Fwp%2Fv2%2Fmedia&parent=2399"}],"curies":[{"name":"wp","href":"https:\/\/api.w.org\/{rel}","templated":true}]}}