{"id":3456,"date":"2025-09-16T23:18:56","date_gmt":"2025-09-16T21:18:56","guid":{"rendered":"https:\/\/fgtss.de\/?page_id=3456"},"modified":"2025-11-09T17:42:30","modified_gmt":"2025-11-09T16:42:30","slug":"tanzkurs-fuer-wiedereinsteiger-2026","status":"publish","type":"page","link":"https:\/\/fgtss.de\/?page_id=3456","title":{"rendered":"Tanzkurs f\u00fcr Wiedereinsteiger 2026 &#8211; Warteliste"},"content":{"rendered":"<p><i>Ihr Tanzkurs ist schon l\u00e4nger vorbei und sie m\u00f6chten gerne wieder ihre Kenntnisse auffrischen? <\/i><\/p>\n<p>Wir bieten einen Tanzkurs f\u00fcr Wiedereinsteiger an.<br \/>\nAn 10 Abenden wiederholen wir in einer Stunde die Grundschritte und Figuren aus Rumba, Cha-Cha, Jive, Discofox, Langsamer Walzer, Wiener Walzer, Tango und Quickstep. Zwei Wiederholungsstunden helfen beim Verfestigen der gelernten T\u00e4nze.<\/p>\n<p>Der Kurs wird von einem erfahrenen Tanzlehrer geleitet.<\/p>\n<p>Beginn des Kurses ist am Freitag, den 9.01.2026, um 18:30 Uhr.<br \/>\nUnterrichtet wird im Siemens Sportheim in Erlangen<br \/>\nDer Unkostenbeitrag betr\u00e4gt EUR 140 pro Paar. Ein Sportfeldausweis wird nicht ben\u00f6tigt.<\/p>\n<p>Die Termine (jeweils freitags um 18:30 Uhr):<\/p>\n<ul>\n<li>9.1.25 Langsamer Walzer<\/li>\n<li>16.1.25 Wiener Walzer<\/li>\n<li>23.1.25 Discofox<\/li>\n<li>30.1.25\u00a0 Foxtrott<\/li>\n<li>6.2.25 Wiederholungsstunde<\/li>\n<li><b>13.2.25 und 20.2. Faschingsferien, kein Kurs<\/b><\/li>\n<li>27.2.25 Jive<\/li>\n<li>6.3.25 Cha-Cha-Cha<\/li>\n<li>13.3.25 Tango<\/li>\n<li>20.3.25 Rumba<\/li>\n<li>27.3.25 Wiederholungsstunde<\/li>\n<\/ul>\n<p>Weitere Informationen und paarweise Anmeldung unter info@fgtss.de.<br \/>\n<br \/>\nHinweis: Dieser Kurs ist nicht f\u00fcr Tanzneulinge geeignet. <\/p>\n","protected":false},"excerpt":{"rendered":"<p>Ihr Tanzkurs ist schon l\u00e4nger vorbei und sie m\u00f6chten gerne wieder ihre Kenntnisse auffrischen? Wir bieten einen Tanzkurs f\u00fcr Wiedereinsteiger an. An 10 Abenden wiederholen wir in einer Stunde die Grundschritte und Figuren aus Rumba, Cha-Cha, Jive, Discofox, Langsamer Walzer, Wiener Walzer, Tango und Quickstep. Zwei Wiederholungsstunden helfen beim Verfestigen der gelernten T\u00e4nze. Der Kurs [&hellip;]<\/p>\n","protected":false},"author":5,"featured_media":0,"parent":0,"menu_order":0,"comment_status":"closed","ping_status":"closed","template":"","meta":{"footnotes":""},"class_list":["post-3456","page","type-page","status-publish","hentry"],"_links":{"self":[{"href":"https:\/\/fgtss.de\/index.php?rest_route=\/wp\/v2\/pages\/3456","targetHints":{"allow":["GET"]}}],"collection":[{"href":"https:\/\/fgtss.de\/index.php?rest_route=\/wp\/v2\/pages"}],"about":[{"href":"https:\/\/fgtss.de\/index.php?rest_route=\/wp\/v2\/types\/page"}],"author":[{"embeddable":true,"href":"https:\/\/fgtss.de\/index.php?rest_route=\/wp\/v2\/users\/5"}],"replies":[{"embeddable":true,"href":"https:\/\/fgtss.de\/index.php?rest_route=%2Fwp%2Fv2%2Fcomments&post=3456"}],"version-history":[{"count":3,"href":"https:\/\/fgtss.de\/index.php?rest_route=\/wp\/v2\/pages\/3456\/revisions"}],"predecessor-version":[{"id":3485,"href":"https:\/\/fgtss.de\/index.php?rest_route=\/wp\/v2\/pages\/3456\/revisions\/3485"}],"wp:attachment":[{"href":"https:\/\/fgtss.de\/index.php?rest_route=%2Fwp%2Fv2%2Fmedia&parent=3456"}],"curies":[{"name":"wp","href":"https:\/\/api.w.org\/{rel}","templated":true}]}}