{"id":63,"date":"2014-10-31T09:10:39","date_gmt":"2014-10-31T08:10:39","guid":{"rendered":"http:\/\/fgtss.de\/wp\/?page_id=63"},"modified":"2017-04-09T09:21:46","modified_gmt":"2017-04-09T07:21:46","slug":"mitglieder-login","status":"publish","type":"page","link":"https:\/\/fgtss.de\/?page_id=63","title":{"rendered":"Mitgliederbereich"},"content":{"rendered":"<p>Allgemeine Infos f\u00fcr Mitglieder<\/p>\n<p>Die Seite hat wieder\u00a0Untermen\u00fcs, die den\u00a0Passwortschutz vom hier benutzen HTML-Schreibsystem (WordPress) haben.<br \/>\n<strong>Men\u00fcsteuerung:<\/strong> Mit der Maus auf das Men\u00fc fahren\u00a0und auf den Men\u00fcpunkt runterfahren und beim gew\u00fcnschten Punkt &#8222;links-klicken&#8220;.<br \/>\n<strong>Das hier benutzte &#8222;WordPress&#8220; hinterlegt das Passwort in einem Cookie (=gespeicherte Vorbesetzung), so dass f\u00fcr die folgenden Abfragen das Passwort nicht mehr ben\u00f6tigt wird.\u00a0<\/strong>Danach sieht es nur so aus als wenn kein Passwort abgefragt werden w\u00fcrde, weil durch das WordPress-Cookie wird das Passwort ausgef\u00fcllt. Das Cookie verf\u00e4llt mit einer Systemzeit und das Passwort muss neu eingegeben werden.<br \/>\nMit einem &#8222;Kommentar&#8220; kann jeder eine Nachricht hinterlassen, die dann f\u00fcr jeden, der die Seite lesen kann, lesbar angezeigt wird. Wir verwenden das um z.B. einen Listeneintrag zu veranlassen. Der Administrator liest den Kommentar und tr\u00e4gt dann den Wunsch in die Liste ein. Nur der\u00a0Administrator kann die Kommentare wieder l\u00f6schen.<\/p>\n","protected":false},"excerpt":{"rendered":"<p>Allgemeine Infos f\u00fcr Mitglieder Die Seite hat wieder\u00a0Untermen\u00fcs, die den\u00a0Passwortschutz vom hier benutzen HTML-Schreibsystem (WordPress) haben. Men\u00fcsteuerung: Mit der Maus auf das Men\u00fc fahren\u00a0und auf den Men\u00fcpunkt runterfahren und beim gew\u00fcnschten Punkt &#8222;links-klicken&#8220;. Das hier benutzte &#8222;WordPress&#8220; hinterlegt das Passwort in einem Cookie (=gespeicherte Vorbesetzung), so dass f\u00fcr die folgenden Abfragen das Passwort nicht mehr [&hellip;]<\/p>\n","protected":false},"author":1,"featured_media":0,"parent":0,"menu_order":6,"comment_status":"closed","ping_status":"closed","template":"page-templates\/full-width.php","meta":{"footnotes":""},"class_list":["post-63","page","type-page","status-publish","hentry"],"_links":{"self":[{"href":"https:\/\/fgtss.de\/index.php?rest_route=\/wp\/v2\/pages\/63","targetHints":{"allow":["GET"]}}],"collection":[{"href":"https:\/\/fgtss.de\/index.php?rest_route=\/wp\/v2\/pages"}],"about":[{"href":"https:\/\/fgtss.de\/index.php?rest_route=\/wp\/v2\/types\/page"}],"author":[{"embeddable":true,"href":"https:\/\/fgtss.de\/index.php?rest_route=\/wp\/v2\/users\/1"}],"replies":[{"embeddable":true,"href":"https:\/\/fgtss.de\/index.php?rest_route=%2Fwp%2Fv2%2Fcomments&post=63"}],"version-history":[{"count":0,"href":"https:\/\/fgtss.de\/index.php?rest_route=\/wp\/v2\/pages\/63\/revisions"}],"wp:attachment":[{"href":"https:\/\/fgtss.de\/index.php?rest_route=%2Fwp%2Fv2%2Fmedia&parent=63"}],"curies":[{"name":"wp","href":"https:\/\/api.w.org\/{rel}","templated":true}]}}